{"id":29,"date":"2022-10-18T11:06:22","date_gmt":"2022-10-18T09:06:22","guid":{"rendered":"http:\/\/lacasadelconsul.com\/?page_id=29"},"modified":"2026-03-17T19:35:56","modified_gmt":"2026-03-17T18:35:56","slug":"nosotros","status":"publish","type":"page","link":"https:\/\/lacasadelconsul.com\/en\/nosotros\/","title":{"rendered":"Us"},"content":{"rendered":"\t\t<div data-elementor-type=\"wp-page\" data-elementor-id=\"29\" class=\"elementor elementor-29\" data-elementor-post-type=\"page\">\n\t\t\t\t\t\t<section class=\"elementor-section elementor-top-section elementor-element elementor-element-23f03a2 elementor-section-boxed elementor-section-height-default elementor-section-height-default\" data-id=\"23f03a2\" data-element_type=\"section\" data-e-type=\"section\" data-settings=\"{&quot;background_background&quot;:&quot;classic&quot;}\">\n\t\t\t\t\t\t<div class=\"elementor-container elementor-column-gap-default\">\n\t\t\t\t\t<div class=\"elementor-column elementor-col-50 elementor-top-column elementor-element elementor-element-2bf629c\" data-id=\"2bf629c\" data-element_type=\"column\" data-e-type=\"column\" data-settings=\"{&quot;background_background&quot;:&quot;classic&quot;}\">\n\t\t\t<div class=\"elementor-widget-wrap elementor-element-populated\">\n\t\t\t\t\t\t<div class=\"elementor-element elementor-element-13fccc3 elementor-widget__width-initial elementor-absolute olab-side-text elementor-widget-divider--view-line elementor-widget elementor-widget-divider\" data-id=\"13fccc3\" data-element_type=\"widget\" data-e-type=\"widget\" data-settings=\"{&quot;_position&quot;:&quot;absolute&quot;,&quot;motion_fx_motion_fx_scrolling&quot;:&quot;yes&quot;,&quot;motion_fx_translateX_effect&quot;:&quot;yes&quot;,&quot;motion_fx_translateX_direction&quot;:&quot;negative&quot;,&quot;motion_fx_translateX_speed&quot;:{&quot;unit&quot;:&quot;px&quot;,&quot;size&quot;:8,&quot;sizes&quot;:[]},&quot;motion_fx_translateX_affectedRange&quot;:{&quot;unit&quot;:&quot;%&quot;,&quot;size&quot;:&quot;&quot;,&quot;sizes&quot;:{&quot;start&quot;:0,&quot;end&quot;:50}},&quot;motion_fx_devices&quot;:[&quot;desktop&quot;,&quot;tablet&quot;,&quot;mobile&quot;]}\" data-widget_type=\"divider.default\">\n\t\t\t\t<div class=\"elementor-widget-container\">\n\t\t\t\t\t\t\t<div class=\"elementor-divider\">\n\t\t\t<span class=\"elementor-divider-separator\">\n\t\t\t\t\t\t<\/span>\n\t\t<\/div>\n\t\t\t\t\t\t<\/div>\n\t\t\t\t<\/div>\n\t\t\t\t<div class=\"elementor-element elementor-element-fadb838 elementor-widget__width-auto elementor-absolute olab-side-text elementor-widget elementor-widget-heading\" data-id=\"fadb838\" data-element_type=\"widget\" data-e-type=\"widget\" data-settings=\"{&quot;_position&quot;:&quot;absolute&quot;,&quot;motion_fx_motion_fx_scrolling&quot;:&quot;yes&quot;,&quot;motion_fx_translateX_effect&quot;:&quot;yes&quot;,&quot;motion_fx_translateX_direction&quot;:&quot;negative&quot;,&quot;motion_fx_translateX_affectedRange&quot;:{&quot;unit&quot;:&quot;%&quot;,&quot;size&quot;:&quot;&quot;,&quot;sizes&quot;:{&quot;start&quot;:0,&quot;end&quot;:59}},&quot;motion_fx_translateX_speed&quot;:{&quot;unit&quot;:&quot;px&quot;,&quot;size&quot;:4,&quot;sizes&quot;:[]},&quot;motion_fx_devices&quot;:[&quot;desktop&quot;,&quot;tablet&quot;,&quot;mobile&quot;]}\" data-widget_type=\"heading.default\">\n\t\t\t\t<div class=\"elementor-widget-container\">\n\t\t\t\t\t<span class=\"elementor-heading-title elementor-size-default\">Con\u00f3cenos<\/span>\t\t\t\t<\/div>\n\t\t\t\t<\/div>\n\t\t\t\t<div class=\"elementor-element elementor-element-64282d1 elementor-widget elementor-widget-heading\" data-id=\"64282d1\" data-element_type=\"widget\" data-e-type=\"widget\" data-widget_type=\"heading.default\">\n\t\t\t\t<div class=\"elementor-widget-container\">\n\t\t\t\t\t<h1 class=\"elementor-heading-title elementor-size-default\">Somos Vittore y Eric<\/h1>\t\t\t\t<\/div>\n\t\t\t\t<\/div>\n\t\t\t\t<div class=\"elementor-element elementor-element-ce13e2f elementor-widget elementor-widget-heading\" data-id=\"ce13e2f\" data-element_type=\"widget\" data-e-type=\"widget\" data-widget_type=\"heading.default\">\n\t\t\t\t<div class=\"elementor-widget-container\">\n\t\t\t\t\t<h2 class=\"elementor-heading-title elementor-size-default\">Los orgullosos propietarios de este precioso hotel<\/h2>\t\t\t\t<\/div>\n\t\t\t\t<\/div>\n\t\t\t\t<div class=\"elementor-element elementor-element-625277f elementor-widget__width-inherit elementor-widget elementor-widget-text-editor\" data-id=\"625277f\" data-element_type=\"widget\" data-e-type=\"widget\" data-widget_type=\"text-editor.default\">\n\t\t\t\t<div class=\"elementor-widget-container\">\n\t\t\t\t\t\t\t\t\t<p>El destino nos hizo enamorarnos de C\u00e1diz y nuestro deseo siempre ha sido el de compartir nuestra pasi\u00f3n por esta fant\u00e1stica ciudad con nuestros hu\u00e9spedes.<\/p>\n<p>Nuestro hotel es nuestra casa, y por esta raz\u00f3n al momento de decorar el hotel hemos pensado en todos los detalles que nos gustar\u00eda tener en nuestro hogar, as\u00ed que por esta raz\u00f3n creemos que nuestro hotel con encanto es un lugar \u00fanico, donde cada detalle ha sido pensado para hacer de tu estancia una experiencia inolvidable.<\/p>\n<p>Nos apasiona viajar y conocemos de primera mano lo importante que es sentirse c\u00f3modo y bien atendido cuando se est\u00e1 lejos de casa. Por eso, nos hemos esforzado por crear <b>un ambiente acogedor y familiar<\/b> en el que nuestros hu\u00e9spedes puedan relajarse y disfrutar al m\u00e1ximo de su estancia.<\/p>\t\t\t\t\t\t\t\t<\/div>\n\t\t\t\t<\/div>\n\t\t\t\t<div class=\"elementor-element elementor-element-c6eb395 elementor-widget__width-inherit elementor-widget elementor-widget-text-editor\" data-id=\"c6eb395\" data-element_type=\"widget\" data-e-type=\"widget\" data-widget_type=\"text-editor.default\">\n\t\t\t\t<div class=\"elementor-widget-container\">\n\t\t\t\t\t\t\t\t\t<p>Eric: +34 616 070 316 <br \/>Vittore: +34 656 739 368<br \/><span style=\"color: #000000;\">Mail: <a style=\"color: #000000;\" href=\"mailto:reservas@lacasadelconsul.com\">reservas@lacasadelconsul.com<\/a><\/span><\/p>\t\t\t\t\t\t\t\t<\/div>\n\t\t\t\t<\/div>\n\t\t\t\t<div class=\"elementor-element elementor-element-4780a68 elementor-widget elementor-widget-button\" data-id=\"4780a68\" data-element_type=\"widget\" data-e-type=\"widget\" data-settings=\"{&quot;_animation&quot;:&quot;none&quot;}\" data-widget_type=\"button.default\">\n\t\t\t\t<div class=\"elementor-widget-container\">\n\t\t\t\t\t\t\t\t\t<div class=\"elementor-button-wrapper\">\n\t\t\t\t\t<a class=\"elementor-button elementor-button-link elementor-size-xl\" href=\"https:\/\/booking.redforts.com\/86WokmPf\" target=\"_blank\">\n\t\t\t\t\t\t<span class=\"elementor-button-content-wrapper\">\n\t\t\t\t\t\t<span class=\"elementor-button-icon\">\n\t\t\t\t<svg aria-hidden=\"true\" class=\"e-font-icon-svg e-fas-check\" viewBox=\"0 0 512 512\" xmlns=\"http:\/\/www.w3.org\/2000\/svg\"><path d=\"M173.898 439.404l-166.4-166.4c-9.997-9.997-9.997-26.206 0-36.204l36.203-36.204c9.997-9.998 26.207-9.998 36.204 0L192 312.69 432.095 72.596c9.997-9.997 26.207-9.997 36.204 0l36.203 36.204c9.997 9.997 9.997 26.206 0 36.204l-294.4 294.401c-9.998 9.997-26.207 9.997-36.204-.001z\"><\/path><\/svg>\t\t\t<\/span>\n\t\t\t\t\t\t\t\t\t<span class=\"elementor-button-text\">Reservas<\/span>\n\t\t\t\t\t<\/span>\n\t\t\t\t\t<\/a>\n\t\t\t\t<\/div>\n\t\t\t\t\t\t\t\t<\/div>\n\t\t\t\t<\/div>\n\t\t\t\t\t<\/div>\n\t\t<\/div>\n\t\t\t\t<div class=\"elementor-column elementor-col-50 elementor-top-column elementor-element elementor-element-6b9b9e9\" data-id=\"6b9b9e9\" data-element_type=\"column\" data-e-type=\"column\">\n\t\t\t<div class=\"elementor-widget-wrap elementor-element-populated\">\n\t\t\t\t\t\t<div class=\"elementor-element elementor-element-eed73d8 elementor-widget-mobile__width-inherit elementor-invisible elementor-widget elementor-widget-image\" data-id=\"eed73d8\" data-element_type=\"widget\" data-e-type=\"widget\" data-settings=\"{&quot;_animation&quot;:&quot;slideInLeft&quot;,&quot;_animation_mobile&quot;:&quot;none&quot;}\" data-widget_type=\"image.default\">\n\t\t\t\t<div class=\"elementor-widget-container\">\n\t\t\t\t\t\t\t\t\t\t\t\t\t\t\t<img fetchpriority=\"high\" decoding=\"async\" width=\"1512\" height=\"1512\" src=\"https:\/\/lacasadelconsul.com\/wp-content\/uploads\/2022\/12\/lacasadelconsul.jpg\" class=\"attachment-full size-full wp-image-435\" alt=\"Los propietarios de La Casa del C\u00f3nsul, Vittore y Eric, en su hotel boutique con vistas al mar en C\u00e1diz\" srcset=\"https:\/\/lacasadelconsul.com\/wp-content\/uploads\/2022\/12\/lacasadelconsul.jpg 1512w, https:\/\/lacasadelconsul.com\/wp-content\/uploads\/2022\/12\/lacasadelconsul-300x300.jpg 300w, https:\/\/lacasadelconsul.com\/wp-content\/uploads\/2022\/12\/lacasadelconsul-1024x1024.jpg 1024w, https:\/\/lacasadelconsul.com\/wp-content\/uploads\/2022\/12\/lacasadelconsul-150x150.jpg 150w, https:\/\/lacasadelconsul.com\/wp-content\/uploads\/2022\/12\/lacasadelconsul-768x768.jpg 768w\" sizes=\"(max-width: 1512px) 100vw, 1512px\" \/>\t\t\t\t\t\t\t\t\t\t\t\t\t\t\t<\/div>\n\t\t\t\t<\/div>\n\t\t\t\t\t<\/div>\n\t\t<\/div>\n\t\t\t\t\t<\/div>\n\t\t<\/section>\n\t\t\t\t<section class=\"elementor-section elementor-top-section elementor-element elementor-element-85629d7 elementor-section-boxed elementor-section-height-default elementor-section-height-default\" data-id=\"85629d7\" data-element_type=\"section\" data-e-type=\"section\" data-settings=\"{&quot;background_background&quot;:&quot;classic&quot;}\">\n\t\t\t\t\t\t<div class=\"elementor-container elementor-column-gap-default\">\n\t\t\t\t\t<div class=\"elementor-column elementor-col-50 elementor-top-column elementor-element elementor-element-6ac95f7\" data-id=\"6ac95f7\" data-element_type=\"column\" data-e-type=\"column\" data-settings=\"{&quot;background_background&quot;:&quot;classic&quot;}\">\n\t\t\t<div class=\"elementor-widget-wrap elementor-element-populated\">\n\t\t\t\t\t\t<div class=\"elementor-element elementor-element-7f9e572 elementor-widget__width-initial elementor-absolute olab-side-text elementor-widget-divider--view-line elementor-widget elementor-widget-divider\" data-id=\"7f9e572\" data-element_type=\"widget\" data-e-type=\"widget\" data-settings=\"{&quot;_position&quot;:&quot;absolute&quot;,&quot;motion_fx_motion_fx_scrolling&quot;:&quot;yes&quot;,&quot;motion_fx_translateX_effect&quot;:&quot;yes&quot;,&quot;motion_fx_translateX_direction&quot;:&quot;negative&quot;,&quot;motion_fx_translateX_speed&quot;:{&quot;unit&quot;:&quot;px&quot;,&quot;size&quot;:8,&quot;sizes&quot;:[]},&quot;motion_fx_translateX_affectedRange&quot;:{&quot;unit&quot;:&quot;%&quot;,&quot;size&quot;:&quot;&quot;,&quot;sizes&quot;:{&quot;start&quot;:0,&quot;end&quot;:50}},&quot;motion_fx_devices&quot;:[&quot;desktop&quot;,&quot;tablet&quot;,&quot;mobile&quot;]}\" data-widget_type=\"divider.default\">\n\t\t\t\t<div class=\"elementor-widget-container\">\n\t\t\t\t\t\t\t<div class=\"elementor-divider\">\n\t\t\t<span class=\"elementor-divider-separator\">\n\t\t\t\t\t\t<\/span>\n\t\t<\/div>\n\t\t\t\t\t\t<\/div>\n\t\t\t\t<\/div>\n\t\t\t\t<div class=\"elementor-element elementor-element-16638c0 elementor-widget__width-auto elementor-absolute olab-side-text elementor-widget elementor-widget-heading\" data-id=\"16638c0\" data-element_type=\"widget\" data-e-type=\"widget\" data-settings=\"{&quot;_position&quot;:&quot;absolute&quot;,&quot;motion_fx_motion_fx_scrolling&quot;:&quot;yes&quot;,&quot;motion_fx_translateX_effect&quot;:&quot;yes&quot;,&quot;motion_fx_translateX_direction&quot;:&quot;negative&quot;,&quot;motion_fx_translateX_affectedRange&quot;:{&quot;unit&quot;:&quot;%&quot;,&quot;size&quot;:&quot;&quot;,&quot;sizes&quot;:{&quot;start&quot;:0,&quot;end&quot;:59}},&quot;motion_fx_translateX_speed&quot;:{&quot;unit&quot;:&quot;px&quot;,&quot;size&quot;:4,&quot;sizes&quot;:[]},&quot;motion_fx_devices&quot;:[&quot;desktop&quot;,&quot;tablet&quot;,&quot;mobile&quot;]}\" data-widget_type=\"heading.default\">\n\t\t\t\t<div class=\"elementor-widget-container\">\n\t\t\t\t\t<span class=\"elementor-heading-title elementor-size-default\">Somos hotel<\/span>\t\t\t\t<\/div>\n\t\t\t\t<\/div>\n\t\t\t\t<div class=\"elementor-element elementor-element-e270ac8 elementor-widget__width-initial elementor-widget elementor-widget-text-editor\" data-id=\"e270ac8\" data-element_type=\"widget\" data-e-type=\"widget\" data-widget_type=\"text-editor.default\">\n\t\t\t\t<div class=\"elementor-widget-container\">\n\t\t\t\t\t\t\t\t\t<p>Nuestro hotel, se encuentra en un edificio hist\u00f3rico cuidadosamente restaurado que combina el encanto de la arquitectura tradicional andaluza con todas las comodidades modernas. Contamos con una variedad apartamentos, todos ellos decorados con buen gusto y equipados con todo lo que puedas necesitar durante tu estancia.<br><\/p>\n<p>Adem\u00e1s, nuestro hotel cuenta con una hermosa terraza en la azotea con vistas panor\u00e1micas de la ciudad y del puerto, donde podr\u00e1s relajarte mientras te sirves una copa o disfrutas de un delicioso desayuno casero continental.<\/p>\t\t\t\t\t\t\t\t<\/div>\n\t\t\t\t<\/div>\n\t\t\t\t<div class=\"elementor-element elementor-element-db8deb5 elementor-widget__width-initial elementor-widget elementor-widget-text-editor\" data-id=\"db8deb5\" data-element_type=\"widget\" data-e-type=\"widget\" data-widget_type=\"text-editor.default\">\n\t\t\t\t<div class=\"elementor-widget-container\">\n\t\t\t\t\t\t\t\t\t<p>Nos encanta recibir a nuestros hu\u00e9spedes y hacerles sentir como en casa. Siempre estamos disponibles para ayudarte con cualquier pregunta o necesidad que puedas tener.<\/p>\n<p>No dudes en contactarnos si necesitas alguna recomendaci\u00f3n sobre los mejores lugares para visitar en C\u00e1diz o si necesitas ayuda para organizar alguna actividad.<\/p>\n<p>En resumen, si est\u00e1s buscando un <b>hotel boutique con encanto y personalidad en C\u00e1diz<\/b>, \u00a1no busques m\u00e1s! Te estamos esperando para darte la bienvenida y asegurarnos de que tengas unas vacaciones inolvidables en nuestra hermosa ciudad.<\/p>\t\t\t\t\t\t\t\t<\/div>\n\t\t\t\t<\/div>\n\t\t\t\t\t<\/div>\n\t\t<\/div>\n\t\t\t\t<div class=\"elementor-column elementor-col-50 elementor-top-column elementor-element elementor-element-a3fb8f0\" data-id=\"a3fb8f0\" data-element_type=\"column\" data-e-type=\"column\">\n\t\t\t<div class=\"elementor-widget-wrap\">\n\t\t\t\t\t\t\t<\/div>\n\t\t<\/div>\n\t\t\t\t\t<\/div>\n\t\t<\/section>\n\t\t\t\t<\/div>\n\t\t","protected":false},"excerpt":{"rendered":"<p>Con\u00f3cenos Somos Vittore y Eric Los orgullosos propietarios de este precioso hotel El destino nos hizo enamorarnos de C\u00e1diz y nuestro deseo siempre ha sido el de compartir nuestra pasi\u00f3n por esta fant\u00e1stica ciudad con nuestros hu\u00e9spedes. Nuestro hotel es nuestra casa, y por esta raz\u00f3n al momento de decorar el hotel hemos pensado en [&hellip;]<\/p>\n","protected":false},"author":1,"featured_media":435,"parent":0,"menu_order":0,"comment_status":"closed","ping_status":"closed","template":"","meta":{"footnotes":""},"class_list":["post-29","page","type-page","status-publish","has-post-thumbnail","hentry"],"yoast_head":"<!-- This site is optimized with the Yoast SEO plugin v27.5 - https:\/\/yoast.com\/product\/yoast-seo-wordpress\/ -->\n<title>Sobre Nosotros | Hotel Boutique en C\u00e1diz | La Casa del C\u00f3nsul<\/title>\n<meta name=\"description\" content=\"Descubre la historia de La Casa del C\u00f3nsul, un hotel boutique en C\u00e1diz centro donde dise\u00f1o, historia y tranquilidad se unen para ofrecer una experiencia \u00fanica.\" \/>\n<meta name=\"robots\" content=\"index, follow, max-snippet:-1, max-image-preview:large, max-video-preview:-1\" \/>\n<link rel=\"canonical\" href=\"https:\/\/lacasadelconsul.com\/en\/nosotros\/\" \/>\n<meta property=\"og:locale\" content=\"en_GB\" \/>\n<meta property=\"og:type\" content=\"article\" \/>\n<meta property=\"og:title\" content=\"Sobre Nosotros | Hotel Boutique en C\u00e1diz | La Casa del C\u00f3nsul\" \/>\n<meta property=\"og:description\" content=\"Descubre la historia de La Casa del C\u00f3nsul, un hotel boutique en C\u00e1diz centro donde dise\u00f1o, historia y tranquilidad se unen para ofrecer una experiencia \u00fanica.\" \/>\n<meta property=\"og:url\" content=\"https:\/\/lacasadelconsul.com\/en\/nosotros\/\" \/>\n<meta property=\"og:site_name\" content=\"La Casa del C\u00f3nsul\" \/>\n<meta property=\"article:publisher\" content=\"https:\/\/www.facebook.com\/lacasadelconsul\" \/>\n<meta property=\"article:modified_time\" content=\"2026-03-17T18:35:56+00:00\" \/>\n<meta property=\"og:image\" content=\"https:\/\/lacasadelconsul.com\/wp-content\/uploads\/2022\/12\/lacasadelconsul.jpg\" \/>\n\t<meta property=\"og:image:width\" content=\"1512\" \/>\n\t<meta property=\"og:image:height\" content=\"1512\" \/>\n\t<meta property=\"og:image:type\" content=\"image\/jpeg\" \/>\n<meta name=\"twitter:card\" content=\"summary_large_image\" \/>\n<meta name=\"twitter:label1\" content=\"Estimated reading time\" \/>\n\t<meta name=\"twitter:data1\" content=\"2 minutes\" \/>\n<script type=\"application\/ld+json\" class=\"yoast-schema-graph\">{\"@context\":\"https:\\\/\\\/schema.org\",\"@graph\":[{\"@type\":\"WebPage\",\"@id\":\"https:\\\/\\\/lacasadelconsul.com\\\/nosotros\\\/\",\"url\":\"https:\\\/\\\/lacasadelconsul.com\\\/nosotros\\\/\",\"name\":\"Sobre Nosotros | Hotel Boutique en C\u00e1diz | La Casa del C\u00f3nsul\",\"isPartOf\":{\"@id\":\"https:\\\/\\\/lacasadelconsul.com\\\/#website\"},\"primaryImageOfPage\":{\"@id\":\"https:\\\/\\\/lacasadelconsul.com\\\/nosotros\\\/#primaryimage\"},\"image\":{\"@id\":\"https:\\\/\\\/lacasadelconsul.com\\\/nosotros\\\/#primaryimage\"},\"thumbnailUrl\":\"https:\\\/\\\/lacasadelconsul.com\\\/wp-content\\\/uploads\\\/2022\\\/12\\\/lacasadelconsul.jpg\",\"datePublished\":\"2022-10-18T09:06:22+00:00\",\"dateModified\":\"2026-03-17T18:35:56+00:00\",\"description\":\"Descubre la historia de La Casa del C\u00f3nsul, un hotel boutique en C\u00e1diz centro donde dise\u00f1o, historia y tranquilidad se unen para ofrecer una experiencia \u00fanica.\",\"breadcrumb\":{\"@id\":\"https:\\\/\\\/lacasadelconsul.com\\\/nosotros\\\/#breadcrumb\"},\"inLanguage\":\"en-GB\",\"potentialAction\":[{\"@type\":\"ReadAction\",\"target\":[\"https:\\\/\\\/lacasadelconsul.com\\\/nosotros\\\/\"]}]},{\"@type\":\"ImageObject\",\"inLanguage\":\"en-GB\",\"@id\":\"https:\\\/\\\/lacasadelconsul.com\\\/nosotros\\\/#primaryimage\",\"url\":\"https:\\\/\\\/lacasadelconsul.com\\\/wp-content\\\/uploads\\\/2022\\\/12\\\/lacasadelconsul.jpg\",\"contentUrl\":\"https:\\\/\\\/lacasadelconsul.com\\\/wp-content\\\/uploads\\\/2022\\\/12\\\/lacasadelconsul.jpg\",\"width\":1512,\"height\":1512,\"caption\":\"Los propietarios de La Casa del C\u00f3nsul, Vittore y Eric, en su hotel boutique con vistas al mar en C\u00e1diz\"},{\"@type\":\"BreadcrumbList\",\"@id\":\"https:\\\/\\\/lacasadelconsul.com\\\/nosotros\\\/#breadcrumb\",\"itemListElement\":[{\"@type\":\"ListItem\",\"position\":1,\"name\":\"Portada\",\"item\":\"https:\\\/\\\/lacasadelconsul.com\\\/\"},{\"@type\":\"ListItem\",\"position\":2,\"name\":\"Nosotros\"}]},{\"@type\":\"WebSite\",\"@id\":\"https:\\\/\\\/lacasadelconsul.com\\\/#website\",\"url\":\"https:\\\/\\\/lacasadelconsul.com\\\/\",\"name\":\"La Casa del C\u00f3nsul\",\"description\":\"Hotel Boutique en C\u00e1diz\",\"publisher\":{\"@id\":\"https:\\\/\\\/lacasadelconsul.com\\\/#organization\"},\"alternateName\":\"La Casa del C\u00f3nsul Hotel Boutique\",\"potentialAction\":[{\"@type\":\"SearchAction\",\"target\":{\"@type\":\"EntryPoint\",\"urlTemplate\":\"https:\\\/\\\/lacasadelconsul.com\\\/?s={search_term_string}\"},\"query-input\":{\"@type\":\"PropertyValueSpecification\",\"valueRequired\":true,\"valueName\":\"search_term_string\"}}],\"inLanguage\":\"en-GB\"},{\"@type\":\"Organization\",\"@id\":\"https:\\\/\\\/lacasadelconsul.com\\\/#organization\",\"name\":\"La Casa del C\u00f3nsul Hotel Boutique en C\u00e1diz\",\"alternateName\":\"La Casa del C\u00f3nsul Hotel Boutique en C\u00e1diz\",\"url\":\"https:\\\/\\\/lacasadelconsul.com\\\/\",\"logo\":{\"@type\":\"ImageObject\",\"inLanguage\":\"en-GB\",\"@id\":\"https:\\\/\\\/lacasadelconsul.com\\\/#\\\/schema\\\/logo\\\/image\\\/\",\"url\":\"https:\\\/\\\/lacasadelconsul.com\\\/wp-content\\\/uploads\\\/2022\\\/10\\\/cropped-cropped-lacasadelconsul-logo-e1666083770928.webp\",\"contentUrl\":\"https:\\\/\\\/lacasadelconsul.com\\\/wp-content\\\/uploads\\\/2022\\\/10\\\/cropped-cropped-lacasadelconsul-logo-e1666083770928.webp\",\"width\":512,\"height\":512,\"caption\":\"La Casa del C\u00f3nsul Hotel Boutique en C\u00e1diz\"},\"image\":{\"@id\":\"https:\\\/\\\/lacasadelconsul.com\\\/#\\\/schema\\\/logo\\\/image\\\/\"},\"sameAs\":[\"https:\\\/\\\/www.facebook.com\\\/lacasadelconsul\",\"https:\\\/\\\/www.instagram.com\\\/lacasadelconsul\\\/\"]}]}<\/script>\n<!-- \/ Yoast SEO plugin. -->","yoast_head_json":{"title":"Sobre Nosotros | Hotel Boutique en C\u00e1diz | La Casa del C\u00f3nsul","description":"Descubre la historia de La Casa del C\u00f3nsul, un hotel boutique en C\u00e1diz centro donde dise\u00f1o, historia y tranquilidad se unen para ofrecer una experiencia \u00fanica.","robots":{"index":"index","follow":"follow","max-snippet":"max-snippet:-1","max-image-preview":"max-image-preview:large","max-video-preview":"max-video-preview:-1"},"canonical":"https:\/\/lacasadelconsul.com\/en\/nosotros\/","og_locale":"en_GB","og_type":"article","og_title":"Sobre Nosotros | Hotel Boutique en C\u00e1diz | La Casa del C\u00f3nsul","og_description":"Descubre la historia de La Casa del C\u00f3nsul, un hotel boutique en C\u00e1diz centro donde dise\u00f1o, historia y tranquilidad se unen para ofrecer una experiencia \u00fanica.","og_url":"https:\/\/lacasadelconsul.com\/en\/nosotros\/","og_site_name":"La Casa del C\u00f3nsul","article_publisher":"https:\/\/www.facebook.com\/lacasadelconsul","article_modified_time":"2026-03-17T18:35:56+00:00","og_image":[{"width":1512,"height":1512,"url":"https:\/\/lacasadelconsul.com\/wp-content\/uploads\/2022\/12\/lacasadelconsul.jpg","type":"image\/jpeg"}],"twitter_card":"summary_large_image","twitter_misc":{"Estimated reading time":"2 minutes"},"schema":{"@context":"https:\/\/schema.org","@graph":[{"@type":"WebPage","@id":"https:\/\/lacasadelconsul.com\/nosotros\/","url":"https:\/\/lacasadelconsul.com\/nosotros\/","name":"Sobre Nosotros | Hotel Boutique en C\u00e1diz | La Casa del C\u00f3nsul","isPartOf":{"@id":"https:\/\/lacasadelconsul.com\/#website"},"primaryImageOfPage":{"@id":"https:\/\/lacasadelconsul.com\/nosotros\/#primaryimage"},"image":{"@id":"https:\/\/lacasadelconsul.com\/nosotros\/#primaryimage"},"thumbnailUrl":"https:\/\/lacasadelconsul.com\/wp-content\/uploads\/2022\/12\/lacasadelconsul.jpg","datePublished":"2022-10-18T09:06:22+00:00","dateModified":"2026-03-17T18:35:56+00:00","description":"Descubre la historia de La Casa del C\u00f3nsul, un hotel boutique en C\u00e1diz centro donde dise\u00f1o, historia y tranquilidad se unen para ofrecer una experiencia \u00fanica.","breadcrumb":{"@id":"https:\/\/lacasadelconsul.com\/nosotros\/#breadcrumb"},"inLanguage":"en-GB","potentialAction":[{"@type":"ReadAction","target":["https:\/\/lacasadelconsul.com\/nosotros\/"]}]},{"@type":"ImageObject","inLanguage":"en-GB","@id":"https:\/\/lacasadelconsul.com\/nosotros\/#primaryimage","url":"https:\/\/lacasadelconsul.com\/wp-content\/uploads\/2022\/12\/lacasadelconsul.jpg","contentUrl":"https:\/\/lacasadelconsul.com\/wp-content\/uploads\/2022\/12\/lacasadelconsul.jpg","width":1512,"height":1512,"caption":"Los propietarios de La Casa del C\u00f3nsul, Vittore y Eric, en su hotel boutique con vistas al mar en C\u00e1diz"},{"@type":"BreadcrumbList","@id":"https:\/\/lacasadelconsul.com\/nosotros\/#breadcrumb","itemListElement":[{"@type":"ListItem","position":1,"name":"Portada","item":"https:\/\/lacasadelconsul.com\/"},{"@type":"ListItem","position":2,"name":"Nosotros"}]},{"@type":"WebSite","@id":"https:\/\/lacasadelconsul.com\/#website","url":"https:\/\/lacasadelconsul.com\/","name":"The Consul&#039;s House","description":"Boutique Hotel in Cadiz","publisher":{"@id":"https:\/\/lacasadelconsul.com\/#organization"},"alternateName":"La Casa del C\u00f3nsul Hotel Boutique","potentialAction":[{"@type":"SearchAction","target":{"@type":"EntryPoint","urlTemplate":"https:\/\/lacasadelconsul.com\/?s={search_term_string}"},"query-input":{"@type":"PropertyValueSpecification","valueRequired":true,"valueName":"search_term_string"}}],"inLanguage":"en-GB"},{"@type":"Organization","@id":"https:\/\/lacasadelconsul.com\/#organization","name":"The Consul&#039;s House Boutique Hotel in Cadiz","alternateName":"La Casa del C\u00f3nsul Hotel Boutique en C\u00e1diz","url":"https:\/\/lacasadelconsul.com\/","logo":{"@type":"ImageObject","inLanguage":"en-GB","@id":"https:\/\/lacasadelconsul.com\/#\/schema\/logo\/image\/","url":"https:\/\/lacasadelconsul.com\/wp-content\/uploads\/2022\/10\/cropped-cropped-lacasadelconsul-logo-e1666083770928.webp","contentUrl":"https:\/\/lacasadelconsul.com\/wp-content\/uploads\/2022\/10\/cropped-cropped-lacasadelconsul-logo-e1666083770928.webp","width":512,"height":512,"caption":"La Casa del C\u00f3nsul Hotel Boutique en C\u00e1diz"},"image":{"@id":"https:\/\/lacasadelconsul.com\/#\/schema\/logo\/image\/"},"sameAs":["https:\/\/www.facebook.com\/lacasadelconsul","https:\/\/www.instagram.com\/lacasadelconsul\/"]}]}},"_links":{"self":[{"href":"https:\/\/lacasadelconsul.com\/en\/wp-json\/wp\/v2\/pages\/29","targetHints":{"allow":["GET"]}}],"collection":[{"href":"https:\/\/lacasadelconsul.com\/en\/wp-json\/wp\/v2\/pages"}],"about":[{"href":"https:\/\/lacasadelconsul.com\/en\/wp-json\/wp\/v2\/types\/page"}],"author":[{"embeddable":true,"href":"https:\/\/lacasadelconsul.com\/en\/wp-json\/wp\/v2\/users\/1"}],"replies":[{"embeddable":true,"href":"https:\/\/lacasadelconsul.com\/en\/wp-json\/wp\/v2\/comments?post=29"}],"version-history":[{"count":0,"href":"https:\/\/lacasadelconsul.com\/en\/wp-json\/wp\/v2\/pages\/29\/revisions"}],"wp:featuredmedia":[{"embeddable":true,"href":"https:\/\/lacasadelconsul.com\/en\/wp-json\/wp\/v2\/media\/435"}],"wp:attachment":[{"href":"https:\/\/lacasadelconsul.com\/en\/wp-json\/wp\/v2\/media?parent=29"}],"curies":[{"name":"wp","href":"https:\/\/api.w.org\/{rel}","templated":true}]}}